{"id":751,"date":"2021-08-05T07:04:58","date_gmt":"2021-08-05T07:04:58","guid":{"rendered":"https:\/\/bto001.com\/catalogne\/experiancia-font-romeu\/"},"modified":"2021-08-05T07:08:09","modified_gmt":"2021-08-05T07:08:09","slug":"experiancia-font-romeu","status":"publish","type":"page","link":"https:\/\/www.thecatalogne.com\/es\/experiancia-font-romeu\/","title":{"rendered":"Experiancia Font-Romeu"},"content":{"rendered":"<p><div class=\"fusion-fullwidth fullwidth-box fusion-builder-row-1 fusion-flex-container nonhundred-percent-fullwidth non-hundred-percent-height-scrolling\" style=\"--awb-border-radius-top-left:0px;--awb-border-radius-top-right:0px;--awb-border-radius-bottom-right:0px;--awb-border-radius-bottom-left:0px;--awb-padding-top:0px;--awb-padding-right:0px;--awb-padding-bottom:0px;--awb-padding-left:0px;--awb-margin-top:0px;--awb-margin-bottom:0px;--awb-background-color:#414552;--awb-flex-wrap:wrap;\" id=\"edouard\" ><div class=\"fusion-builder-row fusion-row fusion-flex-align-items-center fusion-flex-content-wrap\" style=\"max-width:calc( 1200px + 0px );margin-left: calc(-0px \/ 2 );margin-right: calc(-0px \/ 2 );\"><div class=\"fusion-layout-column fusion_builder_column fusion-builder-column-0 fusion_builder_column_1_3 1_3 fusion-flex-column fusion-no-small-visibility\" style=\"--awb-padding-top:0px;--awb-padding-bottom:0px;--awb-bg-color:#1b2433;--awb-bg-color-hover:#1b2433;--awb-bg-size:cover;--awb-width-large:33.333333333333%;--awb-margin-top-large:0px;--awb-spacing-right-large:0px;--awb-margin-bottom-large:0px;--awb-spacing-left-large:0px;--awb-width-medium:33.333333333333%;--awb-order-medium:0;--awb-spacing-right-medium:0px;--awb-spacing-left-medium:0px;--awb-width-small:100%;--awb-order-small:0;--awb-spacing-right-small:0px;--awb-spacing-left-small:0px;\"><div class=\"fusion-column-wrapper fusion-column-has-shadow fusion-flex-justify-content-flex-start fusion-content-layout-column\"><div class=\"fusion-image-element \" style=\"--awb-caption-title-font-family:var(--h2_typography-font-family);--awb-caption-title-font-weight:var(--h2_typography-font-weight);--awb-caption-title-font-style:var(--h2_typography-font-style);--awb-caption-title-size:var(--h2_typography-font-size);--awb-caption-title-transform:var(--h2_typography-text-transform);--awb-caption-title-line-height:var(--h2_typography-line-height);--awb-caption-title-letter-spacing:var(--h2_typography-letter-spacing);\"><span class=\" fusion-imageframe imageframe-none imageframe-1 hover-type-none\"><img decoding=\"async\" width=\"400\" height=\"400\" title=\"Catalogne-logo-400\" src=\"https:\/\/www.thecatalogne.com\/wp-content\/uploads\/2021\/07\/Catalogne-logo-400.svg\" alt class=\"img-responsive wp-image-594\"\/><\/span><\/div><\/div><\/div><div class=\"fusion-layout-column fusion_builder_column fusion-builder-column-1 fusion_builder_column_2_3 2_3 fusion-flex-column\" style=\"--awb-padding-top:0px;--awb-padding-right:0px;--awb-padding-bottom:0px;--awb-padding-left:0px;--awb-bg-size:cover;--awb-width-large:66.666666666667%;--awb-margin-top-large:0px;--awb-spacing-right-large:0px;--awb-margin-bottom-large:0px;--awb-spacing-left-large:0px;--awb-width-medium:66.666666666667%;--awb-order-medium:0;--awb-spacing-right-medium:0px;--awb-spacing-left-medium:0px;--awb-width-small:100%;--awb-order-small:0;--awb-spacing-right-small:0px;--awb-spacing-left-small:0px;\"><div class=\"fusion-column-wrapper fusion-column-has-shadow fusion-flex-justify-content-flex-start fusion-content-layout-column\"><div id=\"metaslider-id-143\" style=\"width: 100%;\" class=\"ml-slider-3-108-0 metaslider metaslider-flex metaslider-143 ml-slider ms-theme-default nav-hidden\" role=\"region\" aria-label=\"experience\" data-height=\"400\" data-width=\"800\">\n    <div id=\"metaslider_container_143\">\n        <div id=\"metaslider_143\">\n            <ul class='slides'>\n                <li style=\"display: block; width: 100%;\" class=\"slide-144 ms-image \" aria-roledescription=\"slide\" data-date=\"2021-08-02 22:30:39\" data-filename=\"experience-800-fontromeu-ski-rampe.jpg\" data-slide-type=\"image\"><img decoding=\"async\" src=\"https:\/\/www.thecatalogne.com\/wp-content\/uploads\/2021\/08\/experience-800-fontromeu-ski-rampe.jpg\" height=\"400\" width=\"800\" alt=\"\" class=\"slider-143 slide-144 msDefaultImage\" title=\"Snowboard en montagne\" \/><div class=\"caption-wrap\"><div class=\"caption\">Snowboard en montagne<\/div><\/div><\/li>\n                <li style=\"display: none; width: 100%;\" class=\"slide-145 ms-image \" aria-roledescription=\"slide\" data-date=\"2021-08-02 22:30:39\" data-filename=\"experience-800-fontromeu-sommets.jpg\" data-slide-type=\"image\"><img decoding=\"async\" src=\"https:\/\/www.thecatalogne.com\/wp-content\/uploads\/2021\/08\/experience-800-fontromeu-sommets.jpg\" height=\"400\" width=\"800\" alt=\"\" class=\"slider-143 slide-145 msDefaultImage\" title=\"Couch\u00e9 de soleil en montagne\" \/><div class=\"caption-wrap\"><div class=\"caption\">Couch\u00e9 de soleil en montagne<\/div><\/div><\/li>\n                <li style=\"display: none; width: 100%;\" class=\"slide-146 ms-image \" aria-roledescription=\"slide\" data-date=\"2021-08-02 22:30:39\" data-filename=\"experience-800-fontromeu-raquette.jpg\" data-slide-type=\"image\"><img decoding=\"async\" src=\"https:\/\/www.thecatalogne.com\/wp-content\/uploads\/2021\/08\/experience-800-fontromeu-raquette.jpg\" height=\"400\" width=\"800\" alt=\"\" class=\"slider-143 slide-146 msDefaultImage\" title=\"Exp\u00e9rience Raquette dans la neige\" \/><div class=\"caption-wrap\"><div class=\"caption\">Exp\u00e9rience Raquette dans la neige<\/div><\/div><\/li>\n                <li style=\"display: none; width: 100%;\" class=\"slide-147 ms-image \" aria-roledescription=\"slide\" data-date=\"2021-08-02 22:30:39\" data-filename=\"experience-800-fontromeu-raquette-1.jpg\" data-slide-type=\"image\"><img decoding=\"async\" src=\"https:\/\/www.thecatalogne.com\/wp-content\/uploads\/2021\/08\/experience-800-fontromeu-raquette-1.jpg\" height=\"400\" width=\"800\" alt=\"\" class=\"slider-143 slide-147 msDefaultImage\" title=\"Raquette \u00e0 Font-Romeu\" \/><div class=\"caption-wrap\"><div class=\"caption\">Raquette \u00e0 Font-Romeu<\/div><\/div><\/li>\n                <li style=\"display: none; width: 100%;\" class=\"slide-148 ms-image \" aria-roledescription=\"slide\" data-date=\"2021-08-02 22:30:39\" data-filename=\"experience-800-fontromeu-golf.jpg\" data-slide-type=\"image\"><img decoding=\"async\" src=\"https:\/\/www.thecatalogne.com\/wp-content\/uploads\/2021\/08\/experience-800-fontromeu-golf.jpg\" height=\"400\" width=\"800\" alt=\"\" class=\"slider-143 slide-148 msDefaultImage\" title=\"Golfeurs Font-Romeu\" \/><div class=\"caption-wrap\"><div class=\"caption\">Golfeurs Font-Romeu<\/div><\/div><\/li>\n                <li style=\"display: none; width: 100%;\" class=\"slide-149 ms-image \" aria-roledescription=\"slide\" data-date=\"2021-08-02 22:30:39\" data-filename=\"experience-800-fontromeu-famille3.jpg\" data-slide-type=\"image\"><img decoding=\"async\" src=\"https:\/\/www.thecatalogne.com\/wp-content\/uploads\/2021\/08\/experience-800-fontromeu-famille3.jpg\" height=\"400\" width=\"800\" alt=\"\" class=\"slider-143 slide-149 msDefaultImage\" title=\"Famille allong\u00e9e dans l&#039;herbe\" \/><div class=\"caption-wrap\"><div class=\"caption\">Famille allong\u00e9e dans l'herbe<\/div><\/div><\/li>\n                <li style=\"display: none; width: 100%;\" class=\"slide-150 ms-image \" aria-roledescription=\"slide\" data-date=\"2021-08-02 22:30:39\" data-filename=\"experience-800-fontromeu-famille.jpg\" data-slide-type=\"image\"><img decoding=\"async\" src=\"https:\/\/www.thecatalogne.com\/wp-content\/uploads\/2021\/08\/experience-800-fontromeu-famille.jpg\" height=\"400\" width=\"800\" alt=\"\" class=\"slider-143 slide-150 msDefaultImage\" title=\"Petite fille qui joue dans la neige\" \/><div class=\"caption-wrap\"><div class=\"caption\">Petite fille qui joue dans la neige<\/div><\/div><\/li>\n                <li style=\"display: none; width: 100%;\" class=\"slide-151 ms-image \" aria-roledescription=\"slide\" data-date=\"2021-08-02 22:30:40\" data-filename=\"experience-800-enfants.jpg\" data-slide-type=\"image\"><img decoding=\"async\" src=\"https:\/\/www.thecatalogne.com\/wp-content\/uploads\/2021\/08\/experience-800-enfants.jpg\" height=\"400\" width=\"800\" alt=\"\" class=\"slider-143 slide-151 msDefaultImage\" title=\"Enfants qui jouent au bord de l&#039;eau\" \/><div class=\"caption-wrap\"><div class=\"caption\">Enfants qui jouent au bord de l'eau<\/div><\/div><\/li>\n                <li style=\"display: none; width: 100%;\" class=\"slide-152 ms-image \" aria-roledescription=\"slide\" data-date=\"2021-08-02 22:30:40\" data-filename=\"experience-800-bois.jpg\" data-slide-type=\"image\"><img decoding=\"async\" src=\"https:\/\/www.thecatalogne.com\/wp-content\/uploads\/2021\/08\/experience-800-bois.jpg\" height=\"400\" width=\"800\" alt=\"\" class=\"slider-143 slide-152 msDefaultImage\" title=\"Bois coup\u00e9\" \/><div class=\"caption-wrap\"><div class=\"caption\">Bois coup\u00e9 <\/div><\/div><\/li>\n            <\/ul>\n        <\/div>\n        \n    <\/div>\n<\/div><\/div><\/div><\/div><\/div><div class=\"fusion-fullwidth fullwidth-box fusion-builder-row-2 fusion-flex-container nonhundred-percent-fullwidth non-hundred-percent-height-scrolling\" style=\"--awb-border-radius-top-left:0px;--awb-border-radius-top-right:0px;--awb-border-radius-bottom-right:0px;--awb-border-radius-bottom-left:0px;--awb-flex-wrap:wrap;\" ><div class=\"fusion-builder-row fusion-row fusion-flex-align-items-flex-start fusion-flex-content-wrap\" style=\"max-width:1248px;margin-left: calc(-4% \/ 2 );margin-right: calc(-4% \/ 2 );\"><div class=\"fusion-layout-column fusion_builder_column fusion-builder-column-2 fusion_builder_column_1_1 1_1 fusion-flex-column\" style=\"--awb-bg-size:cover;--awb-width-large:100%;--awb-margin-top-large:0px;--awb-spacing-right-large:1.92%;--awb-margin-bottom-large:0px;--awb-spacing-left-large:1.92%;--awb-width-medium:100%;--awb-order-medium:0;--awb-spacing-right-medium:1.92%;--awb-spacing-left-medium:1.92%;--awb-width-small:100%;--awb-order-small:0;--awb-spacing-right-small:1.92%;--awb-spacing-left-small:1.92%;\" id=\"resa-bloc\"><div class=\"fusion-column-wrapper fusion-column-has-shadow fusion-flex-justify-content-flex-start fusion-content-layout-column\"><form id=\"AVP\" method=\"post\" action=\"https:\/\/www.secure-hotel-booking.com\/THE-CATALOGNE\/2GSV\/search?hotelId=9872\" onsubmit=\"if(typeof _gaq != 'undefined')_gaq.push(['_linkByPost', this]);\" target=\"_blank\">\n<input type=\"hidden\" id=\"language\" name=\"language\" value=\"fr\" \/>\n<input type=\"hidden\" id=\"AVP_arrivalDate\" name=\"arrivalDate\" value=\"\" \/>\n<input type=\"hidden\" id=\"AVP_nights\" name=\"nights\" value=\"\" \/>\n<input type=\"hidden\" id=\"_ga\" name=\"_ga\" value=\"\" \/>\n<input type=\"hidden\" id=\"guestCountSelector\" name=\"guestCountSelector\" value=\"ReadOnly\" \/>\n<input type=\"hidden\" id=\"crossSell\" name=\"crossSell\" value=\"false\" \/>\n\t\t\n\t\t<div class=\"resTabsMob\">\n\t\t\t<div class=\"resTabsMob1\">\n                Date d'arriv\u00e9e <select id=\"AVP_list_days\" onchange= \"updateDDay();\" ><\/select> <select id=\"AVP_list_months\" onchange=\"setDays();\"><\/select>\n \t\t\t<\/div>\n\t\t\t<div class=\"resTabsMob1\">\n                <span class=\"Style3\">Date de d\u00e9part <select id=\"AVP_list_ddays\"><\/select> <select id=\"AVP_list_dmonths\" onchange=\"setDDays();\"><\/select><\/span>\n \t\t\t<\/div>\n\t\t\t<div class=\"resTabsMob3\">\n\t\t\t\t<input class=\"bouton\" type=\"button\" value=\"R\u00e9server\" onclick=\"validate();\" \/>\n \t\t\t<\/div>\n        <\/div>\n\t\t\n<\/form> \n <script type=\"text\/javascript\">\nvar months = new Array(\"Janvier\",\"F\u00e9vrier\",\"Mars\",\"Avril\",\"Mai\",\"Juin\",\"Juillet\",\"Ao\u00fbt\",\"Septembre\",\"Octobre\",\"Novembre\",\"Decembre\");\nvar message= \"Date en dehors du planning\";\n<\/script>\n<script type=\"text\/javascript\" src=\"https:\/\/www.secure-hotel-booking.com\/THE-CATALOGNE\/2GSV\/scripts\/base.js\"><\/script><\/div><\/div><\/div><\/div>\n<div class=\"fusion-fullwidth fullwidth-box fusion-builder-row-3 fusion-flex-container nonhundred-percent-fullwidth non-hundred-percent-height-scrolling\" style=\"--awb-border-radius-top-left:0px;--awb-border-radius-top-right:0px;--awb-border-radius-bottom-right:0px;--awb-border-radius-bottom-left:0px;--awb-padding-top:30px;--awb-padding-right:2%;--awb-padding-left:2%;--awb-flex-wrap:wrap;\" id=\"ref-me\" ><div class=\"fusion-builder-row fusion-row fusion-flex-align-items-flex-start fusion-flex-content-wrap\" style=\"max-width:1236px;margin-left: calc(-3% \/ 2 );margin-right: calc(-3% \/ 2 );\"><div class=\"fusion-layout-column fusion_builder_column fusion-builder-column-3 fusion_builder_column_1_3 1_3 fusion-flex-column\" style=\"--awb-bg-size:cover;--awb-width-large:33.333333333333%;--awb-margin-top-large:0px;--awb-spacing-right-large:4.365%;--awb-margin-bottom-large:0px;--awb-spacing-left-large:4.365%;--awb-width-medium:33.333333333333%;--awb-order-medium:0;--awb-spacing-right-medium:4.365%;--awb-spacing-left-medium:4.365%;--awb-width-small:100%;--awb-order-small:0;--awb-spacing-right-small:1.455%;--awb-spacing-left-small:1.455%;\"><div class=\"fusion-column-wrapper fusion-column-has-shadow fusion-flex-justify-content-flex-start fusion-content-layout-column\"><div class=\"fusion-text fusion-text-1\"><p>Une location montagne \u00e0 font Romeu et \u00e0 proximit\u00e9 directe des animations Log\u00e9 dans un appartement de vacances tout confort, les heureux vacanciers de Font Romeu en plus d&#8217;un location vacances de standing, pourront acc\u00e9der aux nombreuses activit\u00e9s sportives, ludiques et culturelles qui ponctuent l&#8217;ann\u00e9e touristique. Les locaux se d\u00e9m\u00e8nent en effet pour cr\u00e9er une v\u00e9ritable \u00e9mulation autour de la station, \u00e9t\u00e9 comme hiver !<\/p>\n<p>Difficile de r\u00e9sister devant la masse des animations propos\u00e9esautour de votre location montagne The Catalogne, toutes pr\u00e9sentes \u00e0 moins de deux kilom\u00e8tres de la r\u00e9sidence vacances:<\/p>\n<\/div><\/div><\/div><div class=\"fusion-layout-column fusion_builder_column fusion-builder-column-4 fusion_builder_column_1_3 1_3 fusion-flex-column\" style=\"--awb-bg-size:cover;--awb-width-large:33.333333333333%;--awb-margin-top-large:0px;--awb-spacing-right-large:4.365%;--awb-margin-bottom-large:0px;--awb-spacing-left-large:4.365%;--awb-width-medium:33.333333333333%;--awb-order-medium:0;--awb-spacing-right-medium:4.365%;--awb-spacing-left-medium:4.365%;--awb-width-small:100%;--awb-order-small:0;--awb-spacing-right-small:1.455%;--awb-spacing-left-small:1.455%;\"><div class=\"fusion-column-wrapper fusion-column-has-shadow fusion-flex-justify-content-flex-start fusion-content-layout-column\"><div class=\"fusion-text fusion-text-2\"><p>canyoning et activit\u00e9s nautiques en tous genres<br \/>\nrandonn\u00e9es<br \/>\nVTT (130 km de pistes balis\u00e9es, rendez-vous compte !)<br \/>\nparcours de sant\u00e9, parcours trail<br \/>\nparcours aventure et via ferrata, escalade<br \/>\nparapente, montgolfi\u00e8re, planeur, kite&#8230;<br \/>\nPour ceux qui pr\u00e9f\u00e8rent des activit\u00e9s sportives au pied des montagnes, Font Romeu offre un cadre id\u00e9al pour la pratique de nombreux sports. L&#8217;espace sportif Colette Besson accueille \u00e0 300 m\u00e8tres de la r\u00e9sidence, \u00e0 c\u00f4t\u00e9 de votre location vacances, de nombreuses activit\u00e9s parmi lesquelles du badminton, du fitness, de la musculation et du squash.<\/p>\n<\/div><\/div><\/div><div class=\"fusion-layout-column fusion_builder_column fusion-builder-column-5 fusion_builder_column_1_3 1_3 fusion-flex-column\" style=\"--awb-bg-size:cover;--awb-width-large:33.333333333333%;--awb-margin-top-large:0px;--awb-spacing-right-large:4.365%;--awb-margin-bottom-large:0px;--awb-spacing-left-large:4.365%;--awb-width-medium:33.333333333333%;--awb-order-medium:0;--awb-spacing-right-medium:4.365%;--awb-spacing-left-medium:4.365%;--awb-width-small:100%;--awb-order-small:0;--awb-spacing-right-small:1.455%;--awb-spacing-left-small:1.455%;\"><div class=\"fusion-column-wrapper fusion-column-has-shadow fusion-flex-justify-content-flex-start fusion-content-layout-column\"><div class=\"fusion-text fusion-text-3\"><p>Une aire de jeux est m\u00eame mise \u00e0 la disposition des visiteurs pour s&#8217;adonner aux sports qui leur font envie&#8230; Les touristes pourront \u00e9galement s&#8217;exercer \u00e0 l&#8217;air libre :<br \/>\nau tir \u00e0 l&#8217;arc<br \/>\nau tennis<br \/>\nau golf (un parcours de 9 trous \u00e0 300 m\u00e8tres)<br \/>\n\u00e0 la p\u00e9tanque<br \/>\n\u00e0 la p\u00eache.<\/p>\n<p>La soir\u00e9e marque l&#8217;heure d&#8217;ouverture d&#8217;un bowling, d&#8217;un casino et m\u00eame d&#8217;une discoth\u00e8que. De jour comme de nuit, la station de location montagne de Font Romeu vibre au rythme des activit\u00e9s.<\/p>\n<\/div><\/div><\/div><\/div><\/div><\/p>\n","protected":false},"excerpt":{"rendered":"","protected":false},"author":1,"featured_media":0,"parent":0,"menu_order":0,"comment_status":"closed","ping_status":"closed","template":"","meta":{"inline_featured_image":false,"footnotes":""},"class_list":["post-751","page","type-page","status-publish","hentry"],"yoast_head":"<!-- This site is optimized with the Yoast SEO plugin v27.4 - https:\/\/yoast.com\/product\/yoast-seo-wordpress\/ -->\n<title>Experiancia Font-Romeu - The Catalogne - Site officiel - Location vacances<\/title>\n<meta name=\"robots\" content=\"index, follow, max-snippet:-1, max-image-preview:large, max-video-preview:-1\" \/>\n<link rel=\"canonical\" href=\"https:\/\/www.thecatalogne.com\/es\/experiancia-font-romeu\/\" \/>\n<meta property=\"og:locale\" content=\"es_ES\" \/>\n<meta property=\"og:type\" content=\"article\" \/>\n<meta property=\"og:title\" content=\"Experiancia Font-Romeu - The Catalogne - Site officiel - Location vacances\" \/>\n<meta property=\"og:url\" content=\"https:\/\/www.thecatalogne.com\/es\/experiancia-font-romeu\/\" \/>\n<meta property=\"og:site_name\" content=\"The Catalogne - Site officiel - Location vacances\" \/>\n<meta property=\"article:publisher\" content=\"https:\/\/fr-fr.facebook.com\/The-Catalogne-Font-Romeu-168569983179031\/\" \/>\n<meta property=\"article:modified_time\" content=\"2021-08-05T07:08:09+00:00\" \/>\n<meta name=\"twitter:card\" content=\"summary_large_image\" \/>\n<meta name=\"twitter:label1\" content=\"Tiempo de lectura\" \/>\n\t<meta name=\"twitter:data1\" content=\"13 minutos\" \/>\n<script type=\"application\/ld+json\" class=\"yoast-schema-graph\">{\"@context\":\"https:\\\/\\\/schema.org\",\"@graph\":[{\"@type\":\"WebPage\",\"@id\":\"https:\\\/\\\/www.thecatalogne.com\\\/es\\\/experiancia-font-romeu\\\/\",\"url\":\"https:\\\/\\\/www.thecatalogne.com\\\/es\\\/experiancia-font-romeu\\\/\",\"name\":\"Experiancia Font-Romeu - The Catalogne - Site officiel - Location vacances\",\"isPartOf\":{\"@id\":\"https:\\\/\\\/www.thecatalogne.com\\\/#website\"},\"datePublished\":\"2021-08-05T07:04:58+00:00\",\"dateModified\":\"2021-08-05T07:08:09+00:00\",\"breadcrumb\":{\"@id\":\"https:\\\/\\\/www.thecatalogne.com\\\/es\\\/experiancia-font-romeu\\\/#breadcrumb\"},\"inLanguage\":\"es\",\"potentialAction\":[{\"@type\":\"ReadAction\",\"target\":[\"https:\\\/\\\/www.thecatalogne.com\\\/es\\\/experiancia-font-romeu\\\/\"]}]},{\"@type\":\"BreadcrumbList\",\"@id\":\"https:\\\/\\\/www.thecatalogne.com\\\/es\\\/experiancia-font-romeu\\\/#breadcrumb\",\"itemListElement\":[{\"@type\":\"ListItem\",\"position\":1,\"name\":\"Accueil\",\"item\":\"https:\\\/\\\/www.thecatalogne.com\\\/es\\\/\"},{\"@type\":\"ListItem\",\"position\":2,\"name\":\"Experiancia Font-Romeu\"}]},{\"@type\":\"WebSite\",\"@id\":\"https:\\\/\\\/www.thecatalogne.com\\\/#website\",\"url\":\"https:\\\/\\\/www.thecatalogne.com\\\/\",\"name\":\"The Catalogne - Site officiel - Location vacances\",\"description\":\"The Catalogne - R\u00e9sidence \u00e0 Font Romeu\",\"publisher\":{\"@id\":\"https:\\\/\\\/www.thecatalogne.com\\\/#organization\"},\"potentialAction\":[{\"@type\":\"SearchAction\",\"target\":{\"@type\":\"EntryPoint\",\"urlTemplate\":\"https:\\\/\\\/www.thecatalogne.com\\\/?s={search_term_string}\"},\"query-input\":{\"@type\":\"PropertyValueSpecification\",\"valueRequired\":true,\"valueName\":\"search_term_string\"}}],\"inLanguage\":\"es\"},{\"@type\":\"Organization\",\"@id\":\"https:\\\/\\\/www.thecatalogne.com\\\/#organization\",\"name\":\"The Catalogne\",\"url\":\"https:\\\/\\\/www.thecatalogne.com\\\/\",\"logo\":{\"@type\":\"ImageObject\",\"inLanguage\":\"es\",\"@id\":\"https:\\\/\\\/www.thecatalogne.com\\\/#\\\/schema\\\/logo\\\/image\\\/\",\"url\":\"https:\\\/\\\/www.thecatalogne.com\\\/wp-content\\\/uploads\\\/2021\\\/07\\\/Catalogne-logo-400.svg\",\"contentUrl\":\"https:\\\/\\\/www.thecatalogne.com\\\/wp-content\\\/uploads\\\/2021\\\/07\\\/Catalogne-logo-400.svg\",\"width\":400,\"height\":400,\"caption\":\"The Catalogne\"},\"image\":{\"@id\":\"https:\\\/\\\/www.thecatalogne.com\\\/#\\\/schema\\\/logo\\\/image\\\/\"},\"sameAs\":[\"https:\\\/\\\/fr-fr.facebook.com\\\/The-Catalogne-Font-Romeu-168569983179031\\\/\"]}]}<\/script>\n<!-- \/ Yoast SEO plugin. -->","yoast_head_json":{"title":"Experiancia Font-Romeu - The Catalogne - Site officiel - Location vacances","robots":{"index":"index","follow":"follow","max-snippet":"max-snippet:-1","max-image-preview":"max-image-preview:large","max-video-preview":"max-video-preview:-1"},"canonical":"https:\/\/www.thecatalogne.com\/es\/experiancia-font-romeu\/","og_locale":"es_ES","og_type":"article","og_title":"Experiancia Font-Romeu - The Catalogne - Site officiel - Location vacances","og_url":"https:\/\/www.thecatalogne.com\/es\/experiancia-font-romeu\/","og_site_name":"The Catalogne - Site officiel - Location vacances","article_publisher":"https:\/\/fr-fr.facebook.com\/The-Catalogne-Font-Romeu-168569983179031\/","article_modified_time":"2021-08-05T07:08:09+00:00","twitter_card":"summary_large_image","twitter_misc":{"Tiempo de lectura":"13 minutos"},"schema":{"@context":"https:\/\/schema.org","@graph":[{"@type":"WebPage","@id":"https:\/\/www.thecatalogne.com\/es\/experiancia-font-romeu\/","url":"https:\/\/www.thecatalogne.com\/es\/experiancia-font-romeu\/","name":"Experiancia Font-Romeu - The Catalogne - Site officiel - Location vacances","isPartOf":{"@id":"https:\/\/www.thecatalogne.com\/#website"},"datePublished":"2021-08-05T07:04:58+00:00","dateModified":"2021-08-05T07:08:09+00:00","breadcrumb":{"@id":"https:\/\/www.thecatalogne.com\/es\/experiancia-font-romeu\/#breadcrumb"},"inLanguage":"es","potentialAction":[{"@type":"ReadAction","target":["https:\/\/www.thecatalogne.com\/es\/experiancia-font-romeu\/"]}]},{"@type":"BreadcrumbList","@id":"https:\/\/www.thecatalogne.com\/es\/experiancia-font-romeu\/#breadcrumb","itemListElement":[{"@type":"ListItem","position":1,"name":"Accueil","item":"https:\/\/www.thecatalogne.com\/es\/"},{"@type":"ListItem","position":2,"name":"Experiancia Font-Romeu"}]},{"@type":"WebSite","@id":"https:\/\/www.thecatalogne.com\/#website","url":"https:\/\/www.thecatalogne.com\/","name":"The Catalogne - Site officiel - Location vacances","description":"The Catalogne - R\u00e9sidence \u00e0 Font Romeu","publisher":{"@id":"https:\/\/www.thecatalogne.com\/#organization"},"potentialAction":[{"@type":"SearchAction","target":{"@type":"EntryPoint","urlTemplate":"https:\/\/www.thecatalogne.com\/?s={search_term_string}"},"query-input":{"@type":"PropertyValueSpecification","valueRequired":true,"valueName":"search_term_string"}}],"inLanguage":"es"},{"@type":"Organization","@id":"https:\/\/www.thecatalogne.com\/#organization","name":"The Catalogne","url":"https:\/\/www.thecatalogne.com\/","logo":{"@type":"ImageObject","inLanguage":"es","@id":"https:\/\/www.thecatalogne.com\/#\/schema\/logo\/image\/","url":"https:\/\/www.thecatalogne.com\/wp-content\/uploads\/2021\/07\/Catalogne-logo-400.svg","contentUrl":"https:\/\/www.thecatalogne.com\/wp-content\/uploads\/2021\/07\/Catalogne-logo-400.svg","width":400,"height":400,"caption":"The Catalogne"},"image":{"@id":"https:\/\/www.thecatalogne.com\/#\/schema\/logo\/image\/"},"sameAs":["https:\/\/fr-fr.facebook.com\/The-Catalogne-Font-Romeu-168569983179031\/"]}]}},"_links":{"self":[{"href":"https:\/\/www.thecatalogne.com\/es\/wp-json\/wp\/v2\/pages\/751","targetHints":{"allow":["GET"]}}],"collection":[{"href":"https:\/\/www.thecatalogne.com\/es\/wp-json\/wp\/v2\/pages"}],"about":[{"href":"https:\/\/www.thecatalogne.com\/es\/wp-json\/wp\/v2\/types\/page"}],"author":[{"embeddable":true,"href":"https:\/\/www.thecatalogne.com\/es\/wp-json\/wp\/v2\/users\/1"}],"replies":[{"embeddable":true,"href":"https:\/\/www.thecatalogne.com\/es\/wp-json\/wp\/v2\/comments?post=751"}],"version-history":[{"count":9,"href":"https:\/\/www.thecatalogne.com\/es\/wp-json\/wp\/v2\/pages\/751\/revisions"}],"predecessor-version":[{"id":760,"href":"https:\/\/www.thecatalogne.com\/es\/wp-json\/wp\/v2\/pages\/751\/revisions\/760"}],"wp:attachment":[{"href":"https:\/\/www.thecatalogne.com\/es\/wp-json\/wp\/v2\/media?parent=751"}],"curies":[{"name":"wp","href":"https:\/\/api.w.org\/{rel}","templated":true}]}}